{"id":240,"date":"2010-03-05T20:17:27","date_gmt":"2010-03-05T19:17:27","guid":{"rendered":"http:\/\/www.crid1418.org\/temoins\/?page_id=240"},"modified":"2021-10-10T17:40:54","modified_gmt":"2021-10-10T16:40:54","slug":"temoignages-en-ligne","status":"publish","type":"page","link":"https:\/\/www.crid1418.org\/temoins\/temoignages-en-ligne\/","title":{"rendered":"T\u00e9moignages en ligne"},"content":{"rendered":"<p>Cette page a pour but de recenser, de fa\u00e7on collaborative, les liens internet permettant d&rsquo;acc\u00e9der \u00e0 des t\u00e9moignages en ligne. Chacun peut en indiquer par des commentaires ; on trouve ci-dessous la liste pr\u00e9par\u00e9e par C\u00e9dric Marty (Crid 14-18).<\/p>\n<p>&#8212;&#8211;<\/p>\n<p><span class=\"postbody\"><br \/>\nLa liste suivante n&rsquo;est pas exhaustive.<br \/>\nLe num\u00e9ro correspond au n\u00b0 attribu\u00e9 par JNC dans T\u00e9moins, pp. 689-707.<\/span><\/p>\n<p>7. BARBUSSE Henri, Le Feu (Journal d&rsquo;une escouade), Flammarion, 1916 : <a href=\"http:\/\/gallica.bnf.fr\/ark:\/12148\/bpt6k65983d\" target=\"_blank\" rel=\"noopener\">http:\/\/gallica.bnf.fr\/ark:\/12148\/bpt6k65983d<\/a><\/p>\n<p>8. BARBUSSE Henri, Clart\u00e9. Roman, Flammarion, 1919 :<br \/>\n<a href=\"http:\/\/gallica.bnf.fr\/ark:\/12148\/bpt6k113310h\" target=\"_blank\" rel=\"noopener\">http:\/\/gallica.bnf.fr\/ark:\/12148\/bpt6k113310h<\/a><\/p>\n<p>9. BARBUSSE Henri, Les encha\u00eenements. Roman, Flammarion, 1925 : <a href=\"http:\/\/gallica.bnf.fr\/ark:\/12148\/bpt6k809003\" target=\"_blank\" rel=\"noopener\">http:\/\/gallica.bnf.fr\/ark:\/12148\/bpt6k809003<\/a><\/p>\n<p>15. BENJAMIN Ren\u00e9, Les soldats de la Grande Guerre. Gaspard, Fayard, 1915 : <a href=\"http:\/\/www.archive.org\/details\/lessoldatsdelag00benjgoog\" target=\"_blank\" rel=\"noopener\">http:\/\/www.archive.org\/details\/lessoldatsdelag00benjgoog<\/a><\/p>\n<p>20. BERTRAND Adrien, La victoire de Lorraine&#8230;, Berger-Levrault, 1917 :<br \/>\n<a href=\"http:\/\/www.archive.org\/details\/lavictoiredelorr00bertuoft\" target=\"_blank\" rel=\"noopener\">http:\/\/www.archive.org\/details\/lavictoiredelorr00bertuoft<\/a><\/p>\n<p>22. [BERTRAND Georges], Carnet de route d&rsquo;un officier d&rsquo;alpins, Berger-Levrault, 1915-1916 (2 vol.)<br \/>\n<a href=\"http:\/\/www.archive.org\/details\/carnetderoutedun00parluoft\" target=\"_blank\" rel=\"noopener\">http:\/\/www.archive.org\/details\/carnetderoutedun00parluoft<\/a><\/p>\n<p>27. BINET-VALMER, M\u00e9moires d&rsquo;un engag\u00e9 volontaire, Flammarion, 1918<br \/>\n<a href=\"http:\/\/www.archive.org\/details\/mmoiresdunengag00binegoog\" target=\"_blank\" rel=\"noopener\">http:\/\/www.archive.org\/details\/mmoiresdunengag00binegoog<\/a><\/p>\n<p>42. BRUNEL DE PERARD Jacques, Carnet de route (4 Ao\u00fbt- 25 Septembre 1914), Gr\u00e8s, 1915<br \/>\n<a href=\"http:\/\/www.archive.org\/details\/carnetderoute4ao00brunuoft\" target=\"_blank\" rel=\"noopener\">http:\/\/www.archive.org\/details\/carnetderoute4ao00brunuoft<\/a><\/p>\n<p>51. CAZIN Paul, L&rsquo;humaniste \u00e0 la guerre; hauts de Meuse, 1915, Plon, 1920<br \/>\n<a href=\"http:\/\/www.archive.org\/details\/lhumanistelagu00caziuoft\" target=\"_blank\" rel=\"noopener\">http:\/\/www.archive.org\/details\/lhumanistelagu00caziuoft<\/a><\/p>\n<p>57. CHRISTIAN-FROGE R., Morhange et les marsouins en Lorraine, Berger-Levrault, 1916<br \/>\n<a href=\"http:\/\/www.archive.org\/details\/morhangeetlesmar00chriuoft\" target=\"_blank\" rel=\"noopener\">http:\/\/www.archive.org\/details\/morhangeetlesmar00chriuoft<\/a><\/p>\n<p>58. CIVRAY Jacques, Journal d&rsquo;un officier de liaison (la Marne &#8211; la Somme \u2013 l&rsquo;Yser), Jouve, 1917<br \/>\n<a href=\"http:\/\/www.archive.org\/search.php?query=civray%20jacques%20AND%20collection%3Atoronto\" target=\"_blank\" rel=\"noopener\">http:\/\/www.archive.org\/search.php?query=civray%20jacques%20AND%20collection%3Atoronto<\/a><\/p>\n<p>61. CORNET-AUQUIE Alexandre, Un soldat sans peur et sans reproche&#8230;, Fischbacher, 1917<br \/>\n<a href=\"http:\/\/www.archive.org\/details\/unsoldatsanspeur00touluoft\" target=\"_blank\" rel=\"noopener\">http:\/\/www.archive.org\/details\/unsoldatsanspeur00touluoft<\/a><\/p>\n<p>66. DELVERT Capitaine, Histoire d&rsquo;une compagnie &#8211; Main de massiges &#8211; Verdun, Novembre 1915-Juin 1916 &#8211; Journal de Marche, Berger-Levrault, 1918<br \/>\n<a href=\"http:\/\/www.archive.org\/details\/histoiredunecomp00delvuoft\" target=\"_blank\" rel=\"noopener\">http:\/\/www.archive.org\/details\/histoiredunecomp00delvuoft<\/a><\/p>\n<p>86. DUHAMEL Georges, Vie des martyrs. 1914-1916, Mercure de France, 1917.<br \/>\n<a href=\"http:\/\/www.archive.org\/details\/viedesmartyrs19100duhauoft\" target=\"_blank\" rel=\"noopener\">http:\/\/www.archive.org\/details\/viedesmartyrs19100duhauoft<\/a><\/p>\n<p>87. DUHAMEL Georges, Civilisation, 1914-1917, Mercure de France, 1918.<br \/>\n<a href=\"http:\/\/www.archive.org\/details\/civilisation00duhaiala\" target=\"_blank\" rel=\"noopener\">http:\/\/www.archive.org\/details\/civilisation00duhaiala<\/a><\/p>\n<p>89. DUPONT Marcel, En campagne. 1914-1915. Impressions d&rsquo;un officier de l\u00e9g\u00e8re, Plon, 1915<br \/>\n<a href=\"http:\/\/www.archive.org\/details\/encampagne19141900dupouoft\" target=\"_blank\" rel=\"noopener\">http:\/\/www.archive.org\/details\/encampagne19141900dupouoft<\/a><\/p>\n<p>90. DUPONT Marcel, En campagne. L&rsquo;attente. Impressions d&rsquo;un officier de l\u00e9g\u00e8re, Plon, 1918<br \/>\n<a href=\"http:\/\/www.greatwardifferent.com\/Great_War\/French_Soldier_6\/Campagne_02.htm\" target=\"_blank\" rel=\"noopener\">http:\/\/www.greatwardifferent.com\/Great_War\/French_Soldier_6\/Campagne_02.htm<\/a><\/p>\n<p>93. DUVAL-ARNOULD Paul, Crapouillots: feuillets d&rsquo;un carnet de guerre, Plon, 1916<br \/>\n<a href=\"http:\/\/www.archive.org\/details\/crapouillotsfeu00duvagoog\" target=\"_blank\" rel=\"noopener\">http:\/\/www.archive.org\/details\/crapouillotsfeu00duvagoog<\/a><\/p>\n<p>96. ESTRE Henri d&rsquo;, D&rsquo;Oran \u00e0 Arras. Impressions de guerre d&rsquo;un officier d&rsquo;Afrique&#8230;, Plon, 1916<br \/>\n<a href=\"http:\/\/www.greatwardifferent.com\/Great_War\/Arras\/Oran_Arras_01.htm\" target=\"_blank\" rel=\"noopener\">http:\/\/www.greatwardifferent.com\/Great_War\/Arras\/Oran_Arras_01.htm<\/a><\/p>\n<p>97. ETEVE Marcel, Lettres d&rsquo;un combattant (Ao\u00fbt 1914-Juillet 1916), pr\u00e9face de Paul Dupuy, Hachette, 1917<br \/>\n<a href=\"http:\/\/www.archive.org\/details\/lettresduncombat00tuoft\" target=\"_blank\" rel=\"noopener\">http:\/\/www.archive.org\/details\/lettresduncombat00tuoft<\/a><\/p>\n<p>105. FRANCONI, Un Tel de l&rsquo;Arm\u00e9e fran\u00e7aise, Payot, 1918<br \/>\n<a href=\"http:\/\/www.archive.org\/details\/unteldelarmefra00frangoog\" target=\"_blank\" rel=\"noopener\">http:\/\/www.archive.org\/details\/unteldelarmefra00frangoog<\/a><\/p>\n<p>121. GERALDY Paul, La guerre, Madame&#8230;, Cr\u00e8s, 1916<br \/>\n<a href=\"http:\/\/www.archive.org\/details\/laguerremadame00gruoft\" target=\"_blank\" rel=\"noopener\">http:\/\/www.archive.org\/details\/laguerremadame00gruoft<\/a><\/p>\n<p>129. GRANVILLIERS Jean, Le prix de l&rsquo;homme. 1914-1916. Roman, Calmann-Levy, 1919<br \/>\n<a href=\"http:\/\/www.archive.org\/details\/leprixdelhomme1900granuoft\" target=\"_blank\" rel=\"noopener\">http:\/\/www.archive.org\/details\/leprixdelhomme1900granuoft<\/a><\/p>\n<p>131. GRIMAUTY Fernand-Hubert, Six mois de guerre en Belgique par un soldat belge (ao\u00fbt 1914-F\u00e9vrier 1915), Perrin, 1915<br \/>\n<a href=\"http:\/\/www.archive.org\/details\/sixmoisdeguerree00grimuoft\" target=\"_blank\" rel=\"noopener\">http:\/\/www.archive.org\/details\/sixmoisdeguerree00grimuoft<\/a><\/p>\n<p>137. HASSLER Joseph, Ma campagne au jour le jour, Ao\u00fbt 1914 &#8211; D\u00e9cembre 1915, Perrin, 1916<br \/>\n<a href=\"http:\/\/www.archive.org\/details\/macampagneaujour00hassuoft\" target=\"_blank\" rel=\"noopener\">http:\/\/www.archive.org\/details\/macampagneaujour00hassuoft<\/a><\/p>\n<p>153. JULIA Emile-Fran\u00e7ois, La mort du soldat, Perrin, 1918<br \/>\n<a href=\"http:\/\/www.archive.org\/details\/lamortdusoldat00juli\" target=\"_blank\" rel=\"noopener\">http:\/\/www.archive.org\/details\/lamortdusoldat00juli<\/a><\/p>\n<p>155. KADORE Pierre de, Mon Groupe d\u2019Autos-canons, Hachette, 1917<br \/>\n<a href=\"http:\/\/www.greatwardifferent.com\/Great_War\/Armor\/Auto_01.htm\" target=\"_blank\" rel=\"noopener\">http:\/\/www.greatwardifferent.com\/Great_War\/Armor\/Auto_01.htm<\/a><\/p>\n<p>162. LAFOND Georges, Avec les mitrailleurs de la coloniale. Ma mitrailleuse, Fayard, 1917<br \/>\n<a href=\"http:\/\/www.archive.org\/details\/aveclesmitraille00lafouoft\" target=\"_blank\" rel=\"noopener\">http:\/\/www.archive.org\/details\/aveclesmitraille00lafouoft<\/a><\/p>\n<p>163. LAFONT Bernard, Au ciel de Verdun, notes d&rsquo;un aviateur, Berger-Levrault, 1918<br \/>\n<a href=\"http:\/\/www.archive.org\/details\/aucieldeverdunno00lafouoft\" target=\"_blank\" rel=\"noopener\">http:\/\/www.archive.org\/details\/aucieldeverdunno00lafouoft<\/a><\/p>\n<p>171. LAURENT Fernand, Chez nos alli\u00e9s britanniques, notes et souvenirs d&rsquo;un interpr\u00e8te, Boivin, 1917<br \/>\n<a href=\"http:\/\/www.archive.org\/details\/cheznosallisbr00fernuoft\" target=\"_blank\" rel=\"noopener\">http:\/\/www.archive.org\/details\/cheznosallisbr00fernuoft<\/a><\/p>\n<p>175. LEFEBVRE Louis, Poulot en Italie, La Renaissance du Livre, 1921<br \/>\n<a href=\"http:\/\/www.archive.org\/details\/poulotenitalie00lefeuoft\" target=\"_blank\" rel=\"noopener\">http:\/\/www.archive.org\/details\/poulotenitalie00lefeuoft<\/a><\/p>\n<p>179. LELEUX Charles, Feuilles de route d&rsquo;un ambulancier, Alsace, Vosges, Marne, Aisne, Artois, Belgique; compl\u00e9t\u00e9es d&rsquo;apr\u00e8s le carnet de route du Dr. Henri Li\u00e8gard, Berger-Levrault, 1915<br \/>\n<a href=\"http:\/\/www.archive.org\/details\/feuillesderouted00leleuoft\" target=\"_blank\" rel=\"noopener\">http:\/\/www.archive.org\/details\/feuillesderouted00leleuoft<\/a><\/p>\n<p>191. LINTIER Paul, Avec une batterie de 75, Ma Pi\u00e8ce, Plon, 1916<br \/>\n<a href=\"http:\/\/www.greatwardifferent.com\/Great_War\/France_at_War\/Ma_Piece_01.htm\" target=\"_blank\" rel=\"noopener\">http:\/\/www.greatwardifferent.com\/Great_War\/France_at_War\/Ma_Piece_01.htm<\/a><\/p>\n<p>192. LINTIER Paul, Avec une batterie de 75 le tube 1233, souvenirs d&rsquo;un chef de pi\u00e8ce (1915-1916), Plon, 1917<br \/>\n<a href=\"http:\/\/www.archive.org\/details\/avecunebatteried00lintuoft\" target=\"_blank\" rel=\"noopener\">http:\/\/www.archive.org\/details\/avecunebatteried00lintuoft<\/a><\/p>\n<p>198. MAGNE Vital, Heures de guerre, Perrin, 1918<br \/>\n<a href=\"http:\/\/www.greatwardifferent.com\/Great_War\/French_Soldier_6\/Heures_01.htm\" target=\"_blank\" rel=\"noopener\">http:\/\/www.greatwardifferent.com\/Great_War\/French_Soldier_6\/Heures_01.htm<\/a><\/p>\n<p>201. MALHERBE Henry, La flamme au poing, Albin Michel, 1917<br \/>\n<a href=\"http:\/\/www.archive.org\/details\/laflammeaupoing00malhuoft\" target=\"_blank\" rel=\"noopener\">http:\/\/www.archive.org\/details\/laflammeaupoing00malhuoft<\/a><\/p>\n<p>202. MALLET Christian, \u00c9tapes et combats. Souvenirs d&rsquo;un cavalier devenu fantassin, Plon, 1916<br \/>\n<a href=\"http:\/\/www.archive.org\/details\/tapesetcombats00malluoft\" target=\"_blank\" rel=\"noopener\">http:\/\/www.archive.org\/details\/tapesetcombats00malluoft<\/a><\/p>\n<p>206. MASSIS Henri, Impressions de guerre, (1914-1915), Cr\u00e8s, 1916<br \/>\n<a href=\"http:\/\/www.archive.org\/details\/impressionsdegue00massuoft\" target=\"_blank\" rel=\"noopener\">http:\/\/www.archive.org\/details\/impressionsdegue00massuoft<\/a><\/p>\n<p>207. MASSON Pierre-Maurice, Lettres de guerre (Ao\u00fbt 1914-Avril 1916), Hachette, 1917<br \/>\n<a href=\"http:\/\/www.archive.org\/details\/lettresdeguerrea00massuoft\" target=\"_blank\" rel=\"noopener\">http:\/\/www.archive.org\/details\/lettresdeguerrea00massuoft<\/a><\/p>\n<p>212. MAZENOD Pierre de, Les Etapes du sacrifice.<br \/>\n<a href=\"http:\/\/www.crid1418.org\/doc\/textes\/temoignages\/Les%20%e9tapes%20du%20sacrifice%201.pdf\">1e partie<\/a><br \/>\n<a href=\"http:\/\/www.crid1418.org\/doc\/textes\/temoignages\/Les%20%e9tapes%20du%20sacrifice%202.pdf\">2e partie<\/a><\/p>\n<p>219. MORNET, Tranch\u00e9es de Verdun. Juillet 1916-mai 1917, Berger-Levrault 1918<br \/>\n<a href=\"http:\/\/www.greatwardifferent.com\/Great_War\/Trenches\/Tranchees_Verdun_01.htm\" target=\"_blank\" rel=\"noopener\">http:\/\/www.greatwardifferent.com\/Great_War\/Trenches\/Tranchees_Verdun_01.htm<\/a><\/p>\n<p>222. NADAUD Marcel, En plein vol, souvenirs de guerre a\u00e9rienne, Albin Michel, 1918<br \/>\n<a href=\"http:\/\/www.archive.org\/details\/enpleinvolsouven00nadauoft\" target=\"_blank\" rel=\"noopener\">http:\/\/www.archive.org\/details\/enpleinvolsouven00nadauoft<\/a><\/p>\n<p>225. NICOLAS Ren\u00e9 (lieutenant), Carnet de campagne d&rsquo;un officier franc?ais, Benj. H. Sanborn, 1919<br \/>\n<a href=\"http:\/\/www.archive.org\/details\/carnetdecampagn00nicogoog\" target=\"_blank\" rel=\"noopener\">http:\/\/www.archive.org\/details\/carnetdecampagn00nicogoog<\/a><\/p>\n<p>226. NORDMANN Charles, A coups de Canon, notes d&rsquo;un combattant, Perrin, 1917<br \/>\n<a href=\"http:\/\/www.archive.org\/details\/coupsdecanonnote00norduoft\" target=\"_blank\" rel=\"noopener\">http:\/\/www.archive.org\/details\/coupsdecanonnote00norduoft<\/a><\/p>\n<p>234. PERICARD Jacques, Face \u00e0 face, souvenirs et impressions d&rsquo;un soldat de La Grande Guerre, Payot, 1916<br \/>\n<a href=\"http:\/\/www.archive.org\/details\/facefacesouven00pruoft\" target=\"_blank\" rel=\"noopener\">http:\/\/www.archive.org\/details\/facefacesouven00pruoft<\/a><\/p>\n<p>235. PERICARD Jacques, Ceux de Verdun, Payot, 1917<br \/>\n<a href=\"http:\/\/www.archive.org\/details\/ceuxdeverdun00prgoog\" target=\"_blank\" rel=\"noopener\">http:\/\/www.archive.org\/details\/ceuxdeverdun00prgoog<\/a><\/p>\n<p>248. RAYNAL Commandant, Journal du commandant Raynal, Le fort de Vaux, Albin Michel, 1919<br \/>\n<a href=\"http:\/\/www.archive.org\/details\/journalducomman00tigoog\" target=\"_blank\" rel=\"noopener\">http:\/\/www.archive.org\/details\/journalducomman00tigoog<\/a><\/p>\n<p>249. [REDIER Antoine], M\u00e9ditations dans la tranch\u00e9e, Payot, 1915<br \/>\n<a href=\"http:\/\/www.archive.org\/details\/mditationsdans00rediuoft\" target=\"_blank\" rel=\"noopener\">http:\/\/www.archive.org\/details\/mditationsdans00rediuoft<\/a><\/p>\n<p>252. RENAUD Jean, La Tranch\u00e9e Rouge, Hachette, 1916<br \/>\n<a href=\"http:\/\/www.greatwardifferent.com\/Great_War\/French_Soldier_6\/Rouge_01.htm\" target=\"_blank\" rel=\"noopener\">http:\/\/www.greatwardifferent.com\/Great_War\/French_Soldier_6\/Rouge_01.htm<\/a><\/p>\n<p>277. Capitaine Z&#8230; [THOMAS Louis], L&rsquo;arm\u00e9e de la Guerre, Payot, 1916<br \/>\n<a href=\"http:\/\/www.greatwardifferent.com\/Great_War\/French_Artillery\/Armee_01.htm\" target=\"_blank\" rel=\"noopener\">http:\/\/www.greatwardifferent.com\/Great_War\/French_Artillery\/Armee_01.htm<\/a><\/p>\n<p>285. TUFFRAU Paul, Carnets d&rsquo;un combattant, Payot, 1916<br \/>\n<a href=\"http:\/\/www.archive.org\/details\/carnetduncombat00tuffgoog\" target=\"_blank\" rel=\"noopener\">http:\/\/www.archive.org\/details\/carnetduncombat00tuffgoog<\/a><\/p>\n<p>287. VALOIS Georges, Le cheval de Troie. R\u00e9flexions sur la philosophie et sur la conduite de la guerre, Nouvelle Librairie Nationale, 1918<br \/>\n<a href=\"http:\/\/www.archive.org\/details\/lechevaldetroier00valo\" target=\"_blank\" rel=\"noopener\">http:\/\/www.archive.org\/details\/lechevaldetroier00valo<\/a><\/p>\n<p>294. VIGNES ROUGES Jean, Bourru, soldat de Vauquois, Perrin, 1916<br \/>\n<a href=\"http:\/\/www.archive.org\/details\/bourrusoldieroff00desvrich\" target=\"_blank\" rel=\"noopener\">http:\/\/www.archive.org\/details\/bourrusoldieroff00desvrich<\/a><\/p>\n<p>296. VIGNES ROUGES Jean des, Andr\u00e9 Rieu, officier de France. Roman, Flammarion, 1917<br \/>\n<a href=\"http:\/\/www.archive.org\/details\/andrrieuoffici00tabouoft\" target=\"_blank\" rel=\"noopener\">http:\/\/www.archive.org\/details\/andrrieuoffici00tabouoft<\/a><\/p>\n","protected":false},"excerpt":{"rendered":"<p>Cette page a pour but de recenser, de fa\u00e7on collaborative, les liens internet permettant d&rsquo;acc\u00e9der \u00e0 des t\u00e9moignages en ligne. Chacun peut en indiquer par des commentaires ; on trouve ci-dessous la liste pr\u00e9par\u00e9e par C\u00e9dric Marty (Crid 14-18). &#8212;&#8211; La liste suivante n&rsquo;est pas exhaustive. Le num\u00e9ro correspond au n\u00b0 attribu\u00e9 par JNC dans &hellip; <a href=\"https:\/\/www.crid1418.org\/temoins\/temoignages-en-ligne\/\" class=\"more-link\">Continue reading <span class=\"screen-reader-text\">T\u00e9moignages en ligne<\/span><\/a><\/p>\n","protected":false},"author":1,"featured_media":0,"parent":0,"menu_order":0,"comment_status":"closed","ping_status":"open","template":"","meta":{"footnotes":""},"class_list":["post-240","page","type-page","status-publish","hentry"],"_links":{"self":[{"href":"https:\/\/www.crid1418.org\/temoins\/wp-json\/wp\/v2\/pages\/240","targetHints":{"allow":["GET"]}}],"collection":[{"href":"https:\/\/www.crid1418.org\/temoins\/wp-json\/wp\/v2\/pages"}],"about":[{"href":"https:\/\/www.crid1418.org\/temoins\/wp-json\/wp\/v2\/types\/page"}],"author":[{"embeddable":true,"href":"https:\/\/www.crid1418.org\/temoins\/wp-json\/wp\/v2\/users\/1"}],"replies":[{"embeddable":true,"href":"https:\/\/www.crid1418.org\/temoins\/wp-json\/wp\/v2\/comments?post=240"}],"version-history":[{"count":1,"href":"https:\/\/www.crid1418.org\/temoins\/wp-json\/wp\/v2\/pages\/240\/revisions"}],"predecessor-version":[{"id":4226,"href":"https:\/\/www.crid1418.org\/temoins\/wp-json\/wp\/v2\/pages\/240\/revisions\/4226"}],"wp:attachment":[{"href":"https:\/\/www.crid1418.org\/temoins\/wp-json\/wp\/v2\/media?parent=240"}],"curies":[{"name":"wp","href":"https:\/\/api.w.org\/{rel}","templated":true}]}}