{"id":29,"date":"2008-02-09T17:49:47","date_gmt":"2008-02-09T16:49:47","guid":{"rendered":"http:\/\/www.crid1418.org\/temoins\/analyses-et-bibliographie\/"},"modified":"2008-02-26T20:18:13","modified_gmt":"2008-02-26T19:18:13","slug":"analyses-et-bibliographie","status":"publish","type":"page","link":"https:\/\/www.crid1418.org\/temoins\/analyses-et-bibliographie\/","title":{"rendered":"Analyses"},"content":{"rendered":"<p class=\"MsoNormal\">Cette page comprend les analyses et articles consacr\u00e9s par le Crid 14-18 \u00e0 la question du t\u00e9moignage. Ces analyses sont disponibles au format <img decoding=\"async\" src=\"http:\/\/www.crid1418.org\/temoins\/wp-content\/uploads\/2008\/02\/page_white_acrobat.png\" alt=\"page_white_acrobat.png\" \/> \u00ab\u00a0pdf\u00a0\u00bb. Voir \u00e9galement <a href=\"http:\/\/www.crid1418.org\/espace_scientifique\/publi_ini.html\">l&rsquo;espace scientifique du Crid 14-18<\/a> .<\/p>\n<ul>\n<li>R\u00e9my Cazals, <a href=\"http:\/\/www.crid1418.org\/doc\/textes\/cazals_oser.pdf\" target=\"_blank\">\u00ab\u00a0Oser penser, oser \u00e9crire\u00a0\u00bb<\/a> (paru dans <em>Gen\u00e8ses<\/em>)<\/li>\n<li>Jean-Fran\u00e7ois Jagielski, <a href=\"http:\/\/www.crid1418.org\/doc\/textes\/temoignages\/famille_vernes_.pdf\" target=\"_blank\">\u00ab\u00a0Pr\u00e9sentation critique de la correspondance de guerre de la famille Vernes\u00a0\u00bb<\/a><\/li>\n<li>Alexandre Lafon, <a href=\"http:\/\/www.crid1418.org\/doc\/textes\/lafon_temoins.pdf\">\u00ab\u00a0La question des t\u00e9moins et du t\u00e9moignage\u00a0\u00bb<\/a><\/li>\n<li>Andr\u00e9 Loez, <a href=\"http:\/\/www.crid1418.org\/doc\/textes\/tenir_loez.pdf\" target=\"_blank\">\u00ab\u00a0L&rsquo;espace public des tranch\u00e9es. \u00ab\u00a0Tenir\u00a0\u00bb sous le regard des autres en 1914-1918&Prime;<\/a> (paru dans <a href=\"http:\/\/www.crid1418.org\/espace_scientifique\/ouvrages\/pratiquesexp.htm\"><em>La Grande Guerre, pratiques et exp\u00e9riences<\/em><\/a>)<\/li>\n<li>Nicolas Mariot, <a href=\"http:\/\/www.crid1418.org\/doc\/textes\/mariot_motive.pdf\" target=\"_blank\">\u00ab\u00a0Faut-il \u00eatre motiv\u00e9 pour tuer?\u00a0\u00bb<\/a> (paru dans <em>Gen\u00e8ses<\/em>)<\/li>\n<li><a href=\"http:\/\/www.crid1418.org\/doc\/textes\/fonds_lapouge.pdf\" target=\"_blank\">\u00ab\u00a0Une correspondance d&rsquo;un poilu corr\u00e9zien: analyse du Fonds Lapouge aux archives de Brive-la-Gaillarde\u00a0\u00bb<\/a>, par Jean-Michel Valade.<\/li>\n<\/ul>\n<p>On peut \u00e9galement consulter les <a href=\"http:\/\/www.crid1418.org\/espace_scientifique\/ouvrages\/temoins.html\">ressources consacr\u00e9es \u00e0 Jean-Norton Cru et \u00e0 la question du t\u00e9moignage<\/a> sur le site du Crid 14-18.<\/p>\n<p class=\"MsoNormal\">&nbsp;<\/p>\n","protected":false},"excerpt":{"rendered":"<p>Cette page comprend les analyses et articles consacr\u00e9s par le Crid 14-18 \u00e0 la question du t\u00e9moignage. Ces analyses sont disponibles au format \u00ab\u00a0pdf\u00a0\u00bb. Voir \u00e9galement l&rsquo;espace scientifique du Crid 14-18 . R\u00e9my Cazals, \u00ab\u00a0Oser penser, oser \u00e9crire\u00a0\u00bb (paru dans Gen\u00e8ses) Jean-Fran\u00e7ois Jagielski, \u00ab\u00a0Pr\u00e9sentation critique de la correspondance de guerre de la famille Vernes\u00a0\u00bb Alexandre &hellip; <a href=\"https:\/\/www.crid1418.org\/temoins\/analyses-et-bibliographie\/\" class=\"more-link\">Continue reading <span class=\"screen-reader-text\">Analyses<\/span><\/a><\/p>\n","protected":false},"author":2,"featured_media":0,"parent":0,"menu_order":0,"comment_status":"closed","ping_status":"closed","template":"","meta":{"footnotes":""},"class_list":["post-29","page","type-page","status-publish","hentry"],"_links":{"self":[{"href":"https:\/\/www.crid1418.org\/temoins\/wp-json\/wp\/v2\/pages\/29","targetHints":{"allow":["GET"]}}],"collection":[{"href":"https:\/\/www.crid1418.org\/temoins\/wp-json\/wp\/v2\/pages"}],"about":[{"href":"https:\/\/www.crid1418.org\/temoins\/wp-json\/wp\/v2\/types\/page"}],"author":[{"embeddable":true,"href":"https:\/\/www.crid1418.org\/temoins\/wp-json\/wp\/v2\/users\/2"}],"replies":[{"embeddable":true,"href":"https:\/\/www.crid1418.org\/temoins\/wp-json\/wp\/v2\/comments?post=29"}],"version-history":[{"count":0,"href":"https:\/\/www.crid1418.org\/temoins\/wp-json\/wp\/v2\/pages\/29\/revisions"}],"wp:attachment":[{"href":"https:\/\/www.crid1418.org\/temoins\/wp-json\/wp\/v2\/media?parent=29"}],"curies":[{"name":"wp","href":"https:\/\/api.w.org\/{rel}","templated":true}]}}