{"id":4,"date":"2008-02-08T00:30:47","date_gmt":"2008-02-07T23:30:47","guid":{"rendered":"http:\/\/www.crid1418.org\/temoins\/?page_id=4"},"modified":"2021-10-10T17:40:05","modified_gmt":"2021-10-10T16:40:05","slug":"bibliographie","status":"publish","type":"page","link":"https:\/\/www.crid1418.org\/temoins\/","title":{"rendered":"Accueil"},"content":{"rendered":"<p>Bienvenue sur le dictionnaire en ligne des t\u00e9moins de la Grande Guerre, par le Crid 14-18.<\/p>\n<p><em><strong>Pourquoi ce dictionnaire?<\/strong><\/em><\/p>\n<p>Les t\u00e9moignages de la guerre de 1914-1918 nous paraissent un mode d&rsquo;acc\u00e8s incontournable \u00e0 la r\u00e9alit\u00e9 du conflit, pour tous ceux &#8211; chercheurs, enseignants, \u00e9tudiants, descendants, citoyens, passionn\u00e9s&#8230; &#8211; qui s&rsquo;y int\u00e9ressent.<br \/>\nC&rsquo;est pourquoi  nous proposons ce guide et dictionnaire des t\u00e9moins qui permet de les conna\u00eetre et de les situer, de les confronter et de les comparer, de replacer chaque individu dans son contexte socio-culturel et dans ses pratiques d&rsquo;\u00e9criture. Cette d\u00e9marche de pr\u00e9sentation et de compr\u00e9hension s&rsquo;inscrit comme un prolongement du travail pionnier de Jean-Norton Cru, <em><a href=\"http:\/\/www.crid1418.org\/espace_scientifique\/ouvrages\/temoins.html\">T\u00e9moins<\/a><\/em>. Nous ne reprenons pas syst\u00e9matiquement les textes qu&rsquo;il a analys\u00e9s, sauf r\u00e9\u00e9dition r\u00e9cente.<\/p>\n<p><em><strong>Comment l&rsquo;utiliser? <\/strong><\/em><\/p>\n<p>Chaque t\u00e9moignage fait l&rsquo;objet d&rsquo;une notice qui l&rsquo;analyse suivant trois rubriques: le <strong>t\u00e9moin<\/strong> est pr\u00e9sent\u00e9 de mani\u00e8re aussi compl\u00e8te que possible avec son \u00e9tat-civil, son milieu social et culturel, et ce qu&rsquo;il est possible de conna\u00eetre de son parcours avant, durant et apr\u00e8s la guerre. Le <strong>t\u00e9moignage<\/strong> est pr\u00e9sent\u00e9 en tant que texte: nature, date, pr\u00e9sentation, etc. Enfin, une <strong>analyse<\/strong> indique les principaux th\u00e8mes du texte, ses originalit\u00e9s et ses apports.<br \/>\nCes notices peuvent \u00eatre consult\u00e9es par un <a href=\"http:\/\/www.crid1418.org\/temoins\/index-alphabetique\/\">index alphab\u00e9tique<\/a>, mais aussi par <a href=\"http:\/\/www.crid1418.org\/temoins\/index-par-unite\/\">unit\u00e9<\/a>, par date de premi\u00e8re publication, et par type de t\u00e9moin ou de t\u00e9moignage (colonne de droite). Un moteur de recherche permet de retrouver pr\u00e9cis\u00e9ment les dates, noms de famille, lieux de naissance ou de combat, unit\u00e9s, \u00e9diteurs, mots ou concepts mentionn\u00e9s. Des <a href=\"http:\/\/www.crid1418.org\/temoins\/analyses-et-bibliographie\/\">analyses<\/a> et une <a href=\"http:\/\/www.crid1418.org\/temoins\/bibliographie-2\/\">bibliographie<\/a> sp\u00e9cifique permettent de creuser la question du t\u00e9moignage et de ses usages. Le <a href=\"http:\/\/www.crid1418.org\/espace_pedagogique\/lexique\/lexique_ini.htm\">lexique<\/a> permet d&rsquo;en comprendre les termes. On peut acc\u00e9der \u00e0 une version imprimable au bas de chaque notice.<\/p>\n<p><em><strong>Comment participer? <\/strong><\/em><\/p>\n<p>Ce dictionnaire et guide des t\u00e9moins est r\u00e9alis\u00e9 collectivement par le Crid 14-18 sous la direction de R\u00e9my Cazals, chaque notice \u00e9tant sign\u00e9e par son auteur. Il vise \u00e0 s&rsquo;enrichir pour inclure la plus grande partie des textes de t\u00e9moins publi\u00e9s, outre ceux d\u00e9j\u00e0 pr\u00e9sents dans l&rsquo;ouvrage de J.N. Cru, ainsi que des in\u00e9dits. Pour cela, des propositions de travaux et de notices peuvent \u00eatre <a href=\"mailto:rm.cazals@wanadoo.fr\">adress\u00e9es \u00e0 l&rsquo;\u00e9diteur<\/a>; et des commentaires ou compl\u00e9ments peuvent \u00eatre apport\u00e9s et publi\u00e9s apr\u00e8s mod\u00e9ration.<\/p>\n","protected":false},"excerpt":{"rendered":"<p>Bienvenue sur le dictionnaire en ligne des t\u00e9moins de la Grande Guerre, par le Crid 14-18. Pourquoi ce dictionnaire? Les t\u00e9moignages de la guerre de 1914-1918 nous paraissent un mode d&rsquo;acc\u00e8s incontournable \u00e0 la r\u00e9alit\u00e9 du conflit, pour tous ceux &#8211; chercheurs, enseignants, \u00e9tudiants, descendants, citoyens, passionn\u00e9s&#8230; &#8211; qui s&rsquo;y int\u00e9ressent. C&rsquo;est pourquoi nous proposons &hellip; <a href=\"https:\/\/www.crid1418.org\/temoins\/\" class=\"more-link\">Continue reading <span class=\"screen-reader-text\">Accueil<\/span><\/a><\/p>\n","protected":false},"author":2,"featured_media":0,"parent":0,"menu_order":0,"comment_status":"closed","ping_status":"open","template":"","meta":{"footnotes":""},"class_list":["post-4","page","type-page","status-publish","hentry"],"_links":{"self":[{"href":"https:\/\/www.crid1418.org\/temoins\/wp-json\/wp\/v2\/pages\/4","targetHints":{"allow":["GET"]}}],"collection":[{"href":"https:\/\/www.crid1418.org\/temoins\/wp-json\/wp\/v2\/pages"}],"about":[{"href":"https:\/\/www.crid1418.org\/temoins\/wp-json\/wp\/v2\/types\/page"}],"author":[{"embeddable":true,"href":"https:\/\/www.crid1418.org\/temoins\/wp-json\/wp\/v2\/users\/2"}],"replies":[{"embeddable":true,"href":"https:\/\/www.crid1418.org\/temoins\/wp-json\/wp\/v2\/comments?post=4"}],"version-history":[{"count":1,"href":"https:\/\/www.crid1418.org\/temoins\/wp-json\/wp\/v2\/pages\/4\/revisions"}],"predecessor-version":[{"id":4224,"href":"https:\/\/www.crid1418.org\/temoins\/wp-json\/wp\/v2\/pages\/4\/revisions\/4224"}],"wp:attachment":[{"href":"https:\/\/www.crid1418.org\/temoins\/wp-json\/wp\/v2\/media?parent=4"}],"curies":[{"name":"wp","href":"https:\/\/api.w.org\/{rel}","templated":true}]}}